{"id":72,"date":"2026-01-24T20:51:34","date_gmt":"2026-01-24T19:51:34","guid":{"rendered":"https:\/\/ceo-reisen.de\/ceo-reisen.de\/travellers-information\/"},"modified":"2026-01-27T07:58:19","modified_gmt":"2026-01-27T06:58:19","slug":"travellers-information","status":"publish","type":"page","link":"https:\/\/ceo-reisen.de\/?page_id=72","title":{"rendered":"Travellers Information"},"content":{"rendered":"<header class=\"entry-header \">\n<h1 class=\"entry-title\">\u00c4gypten<\/h1>\n<\/header>\n<div class=\"entry-content clear\">\n<p><strong>Wissenswertes<\/strong><br \/>\n<strong>Sicherheits Hinweise<\/strong><\/p>\n<p><strong>Das Ausw\u00e4rtige Amt der Bundesrepublik Deutschland informiert auf seiner Website unter \u201e\u00c4gypten: Reise- und Sicherheitshinweise\u201c ausf\u00fchrlich zur aktuellen Lage:<\/strong><\/p>\n<p><a href=\"https:\/\/www.auswaertiges-amt.de\/de\/aussenpolitik\/laender\/aegypten-node\/aegyptensicherheit\/212622\">https:\/\/www.auswaertiges-amt.de\/de\/aussenpolitik\/laender\/aegypten-node\/aegyptensicherheit\/212622<\/a><\/p>\n<p><strong>Treppen und Balkongel\u00e4nder<\/strong><br \/>\n<strong>Die Sicherheitsanforderungen an die Hotelausstattung entsprechen nicht \u00fcberall dem deutschen Standard. In manchen Hotels k\u00f6nnen die Treppen- und Balkongel\u00e4nder niedriger als 90 cm und die Zwischenr\u00e4ume im Gel\u00e4nder gr\u00f6\u00dfer als 15 cm sein.<\/strong><\/p>\n<p>Gesundheitshinweise<strong><br \/>\n<\/strong><\/p>\n<p>U<strong>nter dem Link www.diplo.de\/gesuenderreisen k\u00f6nnen Sie die allgemeinen reisemedizinischen Hinweise des deutschen Ausw\u00e4rtigen Amtes abrufen.<\/strong><\/p>\n<p><strong>Falls Sie Fragen zu prophylaktischen Ma\u00dfnahmen zum Schutz Ihrer Gesundheit auf der Reise haben, wenden Sie sich bitte an Ihren Hausarzt oder an einen Reisemediziner in Ihrer N\u00e4he.<\/strong><\/p>\n<p>Das Ausw\u00e4rtige Amt der Bundesrepublik Deutschland informiert auf seiner Website unter \u201e\u00c4gypten: Reise- und Sicherheitshinweise, Gesundheit\u201c ausf\u00fchrlich zur aktuellen Lage:<\/p>\n<p><a href=\"https:\/\/www.auswaertiges-amt.de\/de\/reiseundsicherheit\/aegyptensicherheit-212622#content_4\">https:\/\/www.auswaertiges-amt.de\/de\/reiseundsicherheit\/aegyptensicherheit-212622#content_4<\/a><\/p>\n<p>Das sollten Sie generell sein, wenn Sie eine Reise antreten. Wir empfehlen, sich rechtzeitig \u00fcber Infektions- und Impfschutz sowie andere Prophylaxema\u00dfnahmen zu informieren und ggf. auch \u00e4rztlichen Rat zu Thromboserisiken bei Langstreckenfl\u00fcgen und anderen Gesundheitsrisiken einzuholen. Allgemeine Informationen erhalten Sie insbesondere bei den Gesundheits\u00e4mtern, bei reisemedizinisch erfahrenen \u00c4rzten, Tropenmedizinern, reisemedizinischen Informationsdiensten oder der Bundeszentrale f\u00fcr gesundheitliche Aufkl\u00e4rung.<\/p>\n<p><strong>Einreisebestimmungen<br \/>\nEin Reisepass ist erforderlich und muss noch eine G\u00fcltigkeit von 6 Monaten haben. Bitte besorgen sie sich rechtzeitig das Visum f\u00fcr \u00c4gypten. Keine Impfungen vorgeschrieben.<br \/>\n<\/strong><\/p>\n<p>\u00dcber die Einreise- und Einfuhrbestimmungen f\u00fcr deutsche Staatsangeh\u00f6rige informiert das Ausw\u00e4rtige Amt der Bundesrepublik Deutschland auf seiner Website unter \u201e\u00c4gypten\u201c -&gt; \u201eEinreise und Zoll\u201c:<\/p>\n<p><a href=\"https:\/\/www.auswaertiges-amt.de\/de\/reiseundsicherheit\/aegyptensicherheit-212622#content_3\">https:\/\/www.auswaertiges-amt.de\/de\/reiseundsicherheit\/aegyptensicherheit-212622#content_3<\/a><\/p>\n<p>Als Reiseveranstalter sind wir gesetzlich dazu verpflichtet, alle Reisenden, unabh\u00e4ngig von deren Staatsangeh\u00f6rigkeit, vor Vertragsschluss \u00fcber die sie betreffenden allgemeinen Pass- und Visumerfordernisse des jeweiligen Bestimmungslands, ggf. die ungef\u00e4hren Fristen f\u00fcr die Erlangung von Visa, sowie gesundheitspolizeiliche Formalit\u00e4ten zu unterrichten.<\/p>\n<\/div>\n","protected":false},"excerpt":{"rendered":"<p>\u00c4gypten Wissenswertes Sicherheits Hinweise Das Ausw\u00e4rtige Amt der Bundesrepublik Deutschland informiert auf seiner Website unter \u201e\u00c4gypten: Reise- und Sicherheitshinweise\u201c ausf\u00fchrlich zur aktuellen Lage: https:\/\/www.auswaertiges-amt.de\/de\/aussenpolitik\/laender\/aegypten-node\/aegyptensicherheit\/212622 Treppen und Balkongel\u00e4nder Die Sicherheitsanforderungen an die Hotelausstattung entsprechen nicht \u00fcberall dem deutschen Standard. In manchen Hotels k\u00f6nnen die Treppen- und Balkongel\u00e4nder niedriger als 90 cm und die Zwischenr\u00e4ume im Gel\u00e4nder [&hellip;]<\/p>\n","protected":false},"author":1,"featured_media":0,"parent":0,"menu_order":0,"comment_status":"closed","ping_status":"closed","template":"","meta":{"_kadence_starter_templates_imported_post":false,"_swpsp_post_exclude":false,"footnotes":""},"class_list":["post-72","page","type-page","status-publish","hentry"],"blocksy_meta":[],"_links":{"self":[{"href":"https:\/\/ceo-reisen.de\/index.php?rest_route=\/wp\/v2\/pages\/72","targetHints":{"allow":["GET"]}}],"collection":[{"href":"https:\/\/ceo-reisen.de\/index.php?rest_route=\/wp\/v2\/pages"}],"about":[{"href":"https:\/\/ceo-reisen.de\/index.php?rest_route=\/wp\/v2\/types\/page"}],"author":[{"embeddable":true,"href":"https:\/\/ceo-reisen.de\/index.php?rest_route=\/wp\/v2\/users\/1"}],"replies":[{"embeddable":true,"href":"https:\/\/ceo-reisen.de\/index.php?rest_route=%2Fwp%2Fv2%2Fcomments&post=72"}],"version-history":[{"count":1,"href":"https:\/\/ceo-reisen.de\/index.php?rest_route=\/wp\/v2\/pages\/72\/revisions"}],"predecessor-version":[{"id":164,"href":"https:\/\/ceo-reisen.de\/index.php?rest_route=\/wp\/v2\/pages\/72\/revisions\/164"}],"wp:attachment":[{"href":"https:\/\/ceo-reisen.de\/index.php?rest_route=%2Fwp%2Fv2%2Fmedia&parent=72"}],"curies":[{"name":"wp","href":"https:\/\/api.w.org\/{rel}","templated":true}]}}