{"id":62,"date":"2026-01-24T20:51:34","date_gmt":"2026-01-24T19:51:34","guid":{"rendered":"https:\/\/ceo-reisen.de\/ceo-reisen.de\/activities\/"},"modified":"2026-01-26T12:12:39","modified_gmt":"2026-01-26T11:12:39","slug":"activities","status":"publish","type":"page","link":"https:\/\/ceo-reisen.de\/?page_id=62","title":{"rendered":"Unsere Reisen:"},"content":{"rendered":"\n<div class=\"wp-block-media-text has-media-on-the-right is-stacked-on-mobile\"><div class=\"wp-block-media-text__content\">\n<p class=\"has-large-font-size\"><strong>Unterwegs auf dem Jakobsweg.<\/strong><\/p>\n\n\n\n<p><strong>Unterwegs zu sich selbst \u2013 exklusiv, achtsam, pers\u00f6nlich<br>Der Jakobsweg ist mehr als ein Pilgerpfad. Er ist ein Raum f\u00fcr Stille, Begegnungen und innere Klarheit. Unsere Reise f\u00fchrt dich bewusst abseits der gro\u00dfen Pilgerstr\u00f6me, hinein in Landschaften, die ber\u00fchren, und Momente, die nachwirken.<\/strong><\/p>\n\n\n<style>.wp-block-kadence-advancedbtn.kb-btns62_dbdbbc-e3{gap:var(--global-kb-gap-xs, 0.5rem );justify-content:center;align-items:center;}.kt-btns62_dbdbbc-e3 .kt-button{font-weight:normal;font-style:normal;}.kt-btns62_dbdbbc-e3 .kt-btn-wrap-0{margin-right:5px;}.wp-block-kadence-advancedbtn.kt-btns62_dbdbbc-e3 .kt-btn-wrap-0 .kt-button{color:#555555;border-color:#555555;}.wp-block-kadence-advancedbtn.kt-btns62_dbdbbc-e3 .kt-btn-wrap-0 .kt-button:hover, .wp-block-kadence-advancedbtn.kt-btns62_dbdbbc-e3 .kt-btn-wrap-0 .kt-button:focus{color:#ffffff;border-color:#444444;}.wp-block-kadence-advancedbtn.kt-btns62_dbdbbc-e3 .kt-btn-wrap-0 .kt-button::before{display:none;}.wp-block-kadence-advancedbtn.kt-btns62_dbdbbc-e3 .kt-btn-wrap-0 .kt-button:hover, .wp-block-kadence-advancedbtn.kt-btns62_dbdbbc-e3 .kt-btn-wrap-0 .kt-button:focus{background:#444444;}<\/style>\n<div class=\"wp-block-kadence-advancedbtn kb-buttons-wrap kb-btns62_dbdbbc-e3\"><style>ul.menu .wp-block-kadence-advancedbtn .kb-btn62_b7fa5a-10.kb-button{width:initial;}<\/style><span class=\"kb-button kt-button button kb-btn62_b7fa5a-10 kt-btn-size-standard kt-btn-width-type-auto kb-btn-global-fill  kt-btn-has-text-false kt-btn-has-svg-false  wp-block-kadence-singlebtn\"><\/span><\/div>\n<\/div><figure class=\"wp-block-media-text__media\"><img loading=\"lazy\" decoding=\"async\" width=\"1024\" height=\"683\" src=\"https:\/\/ceo-reisen.de\/ceo-reisen.de\/wp-content\/uploads\/2026\/01\/copilot_image_1766060132155-1024x683.png\" alt=\"\" class=\"wp-image-12 size-full\" srcset=\"https:\/\/ceo-reisen.de\/wp-content\/uploads\/2026\/01\/copilot_image_1766060132155-1024x683.png 1024w, https:\/\/ceo-reisen.de\/wp-content\/uploads\/2026\/01\/copilot_image_1766060132155-300x200.png 300w, https:\/\/ceo-reisen.de\/wp-content\/uploads\/2026\/01\/copilot_image_1766060132155-768x512.png 768w, https:\/\/ceo-reisen.de\/wp-content\/uploads\/2026\/01\/copilot_image_1766060132155.png 1536w\" sizes=\"auto, (max-width: 1024px) 100vw, 1024px\" \/><\/figure><\/div>\n\n\n<style>.kb-row-layout-id62_b6a0a2-b0 > .kt-row-column-wrap{align-content:start;}:where(.kb-row-layout-id62_b6a0a2-b0 > .kt-row-column-wrap) > .wp-block-kadence-column{justify-content:start;}.kb-row-layout-id62_b6a0a2-b0 > .kt-row-column-wrap{column-gap:var(--global-kb-gap-md, 2rem);row-gap:var(--global-kb-gap-md, 2rem);padding-top:var(--global-kb-spacing-sm, 1.5rem);padding-bottom:var(--global-kb-spacing-xxs, 0.5rem);grid-template-columns:minmax(0, 2fr) minmax(0, 1fr);}.kb-row-layout-id62_b6a0a2-b0 > .kt-row-layout-overlay{opacity:0.30;}@media all and (max-width: 1024px){.kb-row-layout-id62_b6a0a2-b0 > .kt-row-column-wrap{grid-template-columns:minmax(0, 2fr) minmax(0, 1fr);}}@media all and (max-width: 767px){.kb-row-layout-id62_b6a0a2-b0 > .kt-row-column-wrap{grid-template-columns:minmax(0, 1fr);}}<\/style><div class=\"kb-row-layout-wrap kb-row-layout-id62_b6a0a2-b0 alignnone wp-block-kadence-rowlayout\"><div class=\"kt-row-column-wrap kt-has-2-columns kt-row-layout-left-golden kt-tab-layout-inherit kt-mobile-layout-row kt-row-valign-top\">\n<style>.kadence-column62_42ee40-f1 > .kt-inside-inner-col,.kadence-column62_42ee40-f1 > .kt-inside-inner-col:before{border-top-left-radius:0px;border-top-right-radius:0px;border-bottom-right-radius:0px;border-bottom-left-radius:0px;}.kadence-column62_42ee40-f1 > .kt-inside-inner-col{column-gap:var(--global-kb-gap-sm, 1rem);}.kadence-column62_42ee40-f1 > .kt-inside-inner-col{flex-direction:column;}.kadence-column62_42ee40-f1 > .kt-inside-inner-col > .aligncenter{width:100%;}.kadence-column62_42ee40-f1 > .kt-inside-inner-col:before{opacity:0.3;}.kadence-column62_42ee40-f1{position:relative;}@media all and (max-width: 1024px){.kadence-column62_42ee40-f1 > .kt-inside-inner-col{flex-direction:column;justify-content:center;}}@media all and (max-width: 767px){.kadence-column62_42ee40-f1 > .kt-inside-inner-col{flex-direction:column;justify-content:center;}}<\/style>\n<div class=\"wp-block-kadence-column kadence-column62_42ee40-f1\"><div class=\"kt-inside-inner-col\">\n<figure class=\"wp-block-image size-large\"><img loading=\"lazy\" decoding=\"async\" width=\"1024\" height=\"683\" src=\"https:\/\/ceo-reisen.de\/ceo-reisen.de\/wp-content\/uploads\/2026\/01\/Aegypten-1024x683.png\" alt=\"\" class=\"wp-image-17\" srcset=\"https:\/\/ceo-reisen.de\/wp-content\/uploads\/2026\/01\/Aegypten-1024x683.png 1024w, https:\/\/ceo-reisen.de\/wp-content\/uploads\/2026\/01\/Aegypten-300x200.png 300w, https:\/\/ceo-reisen.de\/wp-content\/uploads\/2026\/01\/Aegypten-768x512.png 768w, https:\/\/ceo-reisen.de\/wp-content\/uploads\/2026\/01\/Aegypten.png 1536w\" sizes=\"auto, (max-width: 1024px) 100vw, 1024px\" \/><\/figure>\n<\/div><\/div>\n\n\n<style>.kadence-column62_42aab5-16 > .kt-inside-inner-col,.kadence-column62_42aab5-16 > .kt-inside-inner-col:before{border-top-left-radius:0px;border-top-right-radius:0px;border-bottom-right-radius:0px;border-bottom-left-radius:0px;}.kadence-column62_42aab5-16 > .kt-inside-inner-col{column-gap:var(--global-kb-gap-sm, 1rem);}.kadence-column62_42aab5-16 > .kt-inside-inner-col{flex-direction:column;}.kadence-column62_42aab5-16 > .kt-inside-inner-col > .aligncenter{width:100%;}.kadence-column62_42aab5-16 > .kt-inside-inner-col:before{opacity:0.3;}.kadence-column62_42aab5-16{position:relative;}@media all and (max-width: 1024px){.kadence-column62_42aab5-16 > .kt-inside-inner-col{flex-direction:column;justify-content:center;}}@media all and (max-width: 767px){.kadence-column62_42aab5-16 > .kt-inside-inner-col{flex-direction:column;justify-content:center;}}<\/style>\n<div class=\"wp-block-kadence-column kadence-column62_42aab5-16\"><div class=\"kt-inside-inner-col\"><style>.kadence-column62_234857-2e > .kt-inside-inner-col,.kadence-column62_234857-2e > .kt-inside-inner-col:before{border-top-left-radius:0px;border-top-right-radius:0px;border-bottom-right-radius:0px;border-bottom-left-radius:0px;}.kadence-column62_234857-2e > .kt-inside-inner-col{column-gap:var(--global-kb-gap-sm, 1rem);}.kadence-column62_234857-2e > .kt-inside-inner-col{flex-direction:column;}.kadence-column62_234857-2e > .kt-inside-inner-col > .aligncenter{width:100%;}.kadence-column62_234857-2e > .kt-inside-inner-col:before{opacity:0.3;}.kadence-column62_234857-2e{position:relative;}@media all and (max-width: 1024px){.kadence-column62_234857-2e > .kt-inside-inner-col{flex-direction:column;justify-content:center;}}@media all and (max-width: 767px){.kadence-column62_234857-2e > .kt-inside-inner-col{flex-direction:column;justify-content:center;}}<\/style>\n<div class=\"wp-block-kadence-column kadence-column62_234857-2e\"><div class=\"kt-inside-inner-col\"><style>.kadence-column62_5933f6-a0 > .kt-inside-inner-col,.kadence-column62_5933f6-a0 > .kt-inside-inner-col:before{border-top-left-radius:0px;border-top-right-radius:0px;border-bottom-right-radius:0px;border-bottom-left-radius:0px;}.kadence-column62_5933f6-a0 > .kt-inside-inner-col{column-gap:var(--global-kb-gap-sm, 1rem);}.kadence-column62_5933f6-a0 > .kt-inside-inner-col{flex-direction:column;}.kadence-column62_5933f6-a0 > .kt-inside-inner-col > .aligncenter{width:100%;}.kadence-column62_5933f6-a0 > .kt-inside-inner-col:before{opacity:0.3;}.kadence-column62_5933f6-a0{position:relative;}@media all and (max-width: 1024px){.kadence-column62_5933f6-a0 > .kt-inside-inner-col{flex-direction:column;justify-content:center;}}@media all and (max-width: 767px){.kadence-column62_5933f6-a0 > .kt-inside-inner-col{flex-direction:column;justify-content:center;}}<\/style>\n<div class=\"wp-block-kadence-column kadence-column62_5933f6-a0\"><div class=\"kt-inside-inner-col\"><\/div><\/div>\n<\/div><\/div>\n\n\n\n<p class=\"has-medium-font-size\"><strong>Das Klassische \u00c4gypten<\/strong><br>Kultur, W\u00fcste &amp; Nil \u2013 exklusiv und jenseits der Massen<br>\u00c4gypten ist ein Land voller Magie \u2013 doch die wahre Sch\u00f6nheit zeigt sich erst, wenn man sie abseits der Touristenstr\u00f6me entdeckt. Unsere Reise \u00f6ffnet T\u00fcren, die anderen verschlossen bleiben: stille Tempel im Morgenlicht, private F\u00fchrungen, besondere Begegnungen.<br>Warum unsere \u00c4gypten Reise einzigartig ist<\/p>\n<\/div><\/div>\n\n<\/div><\/div>\n\n\n<p><\/p>\n","protected":false},"excerpt":{"rendered":"<p>Das Klassische \u00c4gyptenKultur, W\u00fcste &amp; Nil \u2013 exklusiv und jenseits der Massen\u00c4gypten ist ein Land voller Magie \u2013 doch die wahre Sch\u00f6nheit zeigt sich erst, wenn man sie abseits der Touristenstr\u00f6me entdeckt. Unsere Reise \u00f6ffnet T\u00fcren, die anderen verschlossen bleiben: stille Tempel im Morgenlicht, private F\u00fchrungen, besondere Begegnungen.Warum unsere \u00c4gypten Reise einzigartig ist<\/p>\n","protected":false},"author":1,"featured_media":0,"parent":0,"menu_order":0,"comment_status":"closed","ping_status":"closed","template":"templates\/template-activities.php","meta":{"_kadence_starter_templates_imported_post":false,"_swpsp_post_exclude":false,"footnotes":""},"class_list":["post-62","page","type-page","status-publish","hentry"],"blocksy_meta":[],"_links":{"self":[{"href":"https:\/\/ceo-reisen.de\/index.php?rest_route=\/wp\/v2\/pages\/62","targetHints":{"allow":["GET"]}}],"collection":[{"href":"https:\/\/ceo-reisen.de\/index.php?rest_route=\/wp\/v2\/pages"}],"about":[{"href":"https:\/\/ceo-reisen.de\/index.php?rest_route=\/wp\/v2\/types\/page"}],"author":[{"embeddable":true,"href":"https:\/\/ceo-reisen.de\/index.php?rest_route=\/wp\/v2\/users\/1"}],"replies":[{"embeddable":true,"href":"https:\/\/ceo-reisen.de\/index.php?rest_route=%2Fwp%2Fv2%2Fcomments&post=62"}],"version-history":[{"count":4,"href":"https:\/\/ceo-reisen.de\/index.php?rest_route=\/wp\/v2\/pages\/62\/revisions"}],"predecessor-version":[{"id":138,"href":"https:\/\/ceo-reisen.de\/index.php?rest_route=\/wp\/v2\/pages\/62\/revisions\/138"}],"wp:attachment":[{"href":"https:\/\/ceo-reisen.de\/index.php?rest_route=%2Fwp%2Fv2%2Fmedia&parent=62"}],"curies":[{"name":"wp","href":"https:\/\/api.w.org\/{rel}","templated":true}]}}