{"id":60,"date":"2026-01-24T20:51:34","date_gmt":"2026-01-24T19:51:34","guid":{"rendered":"https:\/\/ceo-reisen.de\/ceo-reisen.de\/destination\/"},"modified":"2026-02-23T11:58:27","modified_gmt":"2026-02-23T10:58:27","slug":"destination","status":"publish","type":"page","link":"https:\/\/ceo-reisen.de\/","title":{"rendered":"Home"},"content":{"rendered":"<style>.kb-row-layout-id60_7019a0-cf > .kt-row-column-wrap{align-content:center;}:where(.kb-row-layout-id60_7019a0-cf > .kt-row-column-wrap) > .wp-block-kadence-column{justify-content:center;}.kb-row-layout-id60_7019a0-cf > .kt-row-column-wrap{column-gap:var(--global-kb-gap-lg, 4rem);row-gap:var(--global-kb-gap-none, 0rem );max-width:1290px;grid-template-columns:minmax(0, 1fr) minmax(0, 2fr);}.kb-row-layout-id60_7019a0-cf{background-image:linear-gradient(90deg,var(--global-palette7,#EDF2F7) 65%,var(--global-palette9,#ffffff) 65%);}.kb-row-layout-id60_7019a0-cf > .kt-row-layout-overlay{opacity:1;}@media all and (max-width: 1024px){.kb-row-layout-id60_7019a0-cf > .kt-row-column-wrap{column-gap:var(--global-kb-gap-md, 2rem);padding-top:var(--global-kb-spacing-3xl, 6.5rem);padding-bottom:var(--global-kb-spacing-3xl, 6.5rem);grid-template-columns:minmax(0, 1fr) minmax(0, 2fr);}}@media all and (max-width: 767px){.kb-row-layout-id60_7019a0-cf > .kt-row-column-wrap{padding-top:var(--global-kb-spacing-3xl, 6.5rem);padding-bottom:var(--global-kb-spacing-xl, 4rem);grid-template-columns:minmax(0, 1fr);}}<\/style><div class=\"kb-row-layout-wrap kb-row-layout-id60_7019a0-cf alignfull has-theme-palette8-background-color kt-row-has-bg wp-block-kadence-rowlayout\"><div class=\"kt-row-column-wrap kt-has-2-columns kt-row-layout-right-golden kt-tab-layout-inherit kt-mobile-layout-row kt-row-valign-middle kb-theme-content-width\">\n<style>.kadence-column60_43709f-24 > .kt-inside-inner-col,.kadence-column60_43709f-24 > .kt-inside-inner-col:before{border-top-left-radius:0px;border-top-right-radius:0px;border-bottom-right-radius:0px;border-bottom-left-radius:0px;}.kadence-column60_43709f-24 > .kt-inside-inner-col{column-gap:var(--global-kb-gap-sm, 1rem);}.kadence-column60_43709f-24 > .kt-inside-inner-col{flex-direction:column;}.kadence-column60_43709f-24 > .kt-inside-inner-col > .aligncenter{width:100%;}.kadence-column60_43709f-24 > .kt-inside-inner-col:before{opacity:0.3;}.kadence-column60_43709f-24{position:relative;}@media all and (max-width: 1024px){.kadence-column60_43709f-24 > .kt-inside-inner-col{padding-right:0px;flex-direction:column;justify-content:center;}}@media all and (max-width: 1024px){.kadence-column60_43709f-24{text-align:center;}}@media all and (max-width: 767px){.kadence-column60_43709f-24 > .kt-inside-inner-col{flex-direction:column;justify-content:center;}.kadence-column60_43709f-24, .kt-inside-inner-col > .kadence-column60_43709f-24:not(.specificity){margin-bottom:var(--global-kb-spacing-md, 2rem);}}<\/style>\n<div class=\"wp-block-kadence-column kadence-column60_43709f-24 kb-section-dir-vertical inner-column-1\"><div class=\"kt-inside-inner-col\"><style>.wp-block-kadence-advancedheading.kt-adv-heading60_9a38b4-88, .wp-block-kadence-advancedheading.kt-adv-heading60_9a38b4-88[data-kb-block=\"kb-adv-heading60_9a38b4-88\"]{margin-top:0px;margin-bottom:var(--global-kb-spacing-lg, 3rem);font-size:var(--global-kb-font-size-lg, 2rem);line-height:1.2;font-style:normal;}.wp-block-kadence-advancedheading.kt-adv-heading60_9a38b4-88 mark.kt-highlight, .wp-block-kadence-advancedheading.kt-adv-heading60_9a38b4-88[data-kb-block=\"kb-adv-heading60_9a38b4-88\"] mark.kt-highlight{font-style:normal;color:#f76a0c;-webkit-box-decoration-break:clone;box-decoration-break:clone;padding-top:0px;padding-right:0px;padding-bottom:0px;padding-left:0px;}.wp-block-kadence-advancedheading.kt-adv-heading60_9a38b4-88 img.kb-inline-image, .wp-block-kadence-advancedheading.kt-adv-heading60_9a38b4-88[data-kb-block=\"kb-adv-heading60_9a38b4-88\"] img.kb-inline-image{width:150px;vertical-align:baseline;}@media all and (max-width: 1024px){.wp-block-kadence-advancedheading.kt-adv-heading60_9a38b4-88, .wp-block-kadence-advancedheading.kt-adv-heading60_9a38b4-88[data-kb-block=\"kb-adv-heading60_9a38b4-88\"]{font-size:var(--global-kb-font-size-lg, 2rem);text-align:left!important;}}<\/style>\n<h3 class=\"kt-adv-heading60_9a38b4-88 wp-block-kadence-advancedheading\" data-kb-block=\"kb-adv-heading60_9a38b4-88\">Private Reisen abseits der Touristenstr\u00f6me<\/h3>\n\n\n<style>.wp-block-kadence-advancedheading.kt-adv-heading60_6bcaa6-3c, .wp-block-kadence-advancedheading.kt-adv-heading60_6bcaa6-3c[data-kb-block=\"kb-adv-heading60_6bcaa6-3c\"]{font-style:normal;color:var(--global-palette4, #2D3748);background-color:#f1c903;}.wp-block-kadence-advancedheading.kt-adv-heading60_6bcaa6-3c mark.kt-highlight, .wp-block-kadence-advancedheading.kt-adv-heading60_6bcaa6-3c[data-kb-block=\"kb-adv-heading60_6bcaa6-3c\"] mark.kt-highlight{font-style:normal;color:#f76a0c;-webkit-box-decoration-break:clone;box-decoration-break:clone;padding-top:0px;padding-right:0px;padding-bottom:0px;padding-left:0px;}.wp-block-kadence-advancedheading.kt-adv-heading60_6bcaa6-3c img.kb-inline-image, .wp-block-kadence-advancedheading.kt-adv-heading60_6bcaa6-3c[data-kb-block=\"kb-adv-heading60_6bcaa6-3c\"] img.kb-inline-image{width:150px;vertical-align:baseline;}@media all and (max-width: 1024px){.wp-block-kadence-advancedheading.kt-adv-heading60_6bcaa6-3c, .wp-block-kadence-advancedheading.kt-adv-heading60_6bcaa6-3c[data-kb-block=\"kb-adv-heading60_6bcaa6-3c\"]{text-align:left!important;}}<\/style>\n<p class=\"kt-adv-heading60_6bcaa6-3c wp-block-kadence-advancedheading has-theme-palette-4-color has-text-color\" data-kb-block=\"kb-adv-heading60_6bcaa6-3c\">Handverlesene Special\u2011Events, pers\u00f6nliche Begleitung und exklusive Erlebnisse f\u00fcr Menschen, die mehr suchen als eine gew\u00f6hnliche Reise.<br>Reisen, die ber\u00fchren \u2013 Erlebnisse, die bleiben<br>Wir gestalten besondere Reisen f\u00fcr Menschen, die das Authentische suchen. Kleine Gruppen, pers\u00f6nliche Betreuung und exklusive Zug\u00e4nge machen unsere Touren einzigartig. Jede Reise ist sorgf\u00e4ltig kuratiert \u2013 mit Liebe zum Detail, Respekt vor der Region und einem klaren Fokus auf Qualit\u00e4t.<\/p>\n<\/div><\/div>\n\n\n<style>.kadence-column60_9b83ad-d4 > .kt-inside-inner-col,.kadence-column60_9b83ad-d4 > .kt-inside-inner-col:before{border-top-left-radius:0px;border-top-right-radius:0px;border-bottom-right-radius:0px;border-bottom-left-radius:0px;}.kadence-column60_9b83ad-d4 > .kt-inside-inner-col{column-gap:var(--global-kb-gap-sm, 1rem);}.kadence-column60_9b83ad-d4 > .kt-inside-inner-col{flex-direction:column;}.kadence-column60_9b83ad-d4 > .kt-inside-inner-col > .aligncenter{width:100%;}.kadence-column60_9b83ad-d4 > .kt-inside-inner-col:before{opacity:0.3;}.kadence-column60_9b83ad-d4{position:relative;}@media all and (max-width: 1024px){.kadence-column60_9b83ad-d4 > .kt-inside-inner-col{flex-direction:column;justify-content:center;}}@media all and (max-width: 767px){.kadence-column60_9b83ad-d4 > .kt-inside-inner-col{flex-direction:column;justify-content:center;}}<\/style>\n<div class=\"wp-block-kadence-column kadence-column60_9b83ad-d4 inner-column-2\"><div class=\"kt-inside-inner-col\"><style>.kb-image60_b95689-0d.kb-image-is-ratio-size, .kb-image60_b95689-0d .kb-image-is-ratio-size{max-width:905px;width:100%;}.wp-block-kadence-column > .kt-inside-inner-col > .kb-image60_b95689-0d.kb-image-is-ratio-size, .wp-block-kadence-column > .kt-inside-inner-col > .kb-image60_b95689-0d .kb-image-is-ratio-size{align-self:unset;}.kb-image60_b95689-0d{max-width:905px;}.image-is-svg.kb-image60_b95689-0d{-webkit-flex:0 1 100%;flex:0 1 100%;}.image-is-svg.kb-image60_b95689-0d img{width:100%;}.kb-image60_b95689-0d .kb-image-has-overlay:after{opacity:0.3;border-top-left-radius:15px;border-top-right-radius:15px;border-bottom-right-radius:15px;border-bottom-left-radius:15px;}.kb-image60_b95689-0d img.kb-img, .kb-image60_b95689-0d .kb-img img{border-top-left-radius:15px;border-top-right-radius:15px;border-bottom-right-radius:15px;border-bottom-left-radius:15px;}@media all and (max-width: 767px){.wp-block-kadence-image.kb-image60_b95689-0d:not(.kb-specificity-added):not(.kb-extra-specificity-added){margin-right:0px;margin-left:0px;}}<\/style>\n<figure class=\"wp-block-kadence-image kb-image60_b95689-0d size-large kb-image-is-ratio-size\"><div class=\"kb-is-ratio-image kb-image-ratio-square\"><img loading=\"lazy\" decoding=\"async\" width=\"1024\" height=\"683\" src=\"https:\/\/ceo-reisen.de\/ceo-reisen.de\/wp-content\/uploads\/2026\/01\/Camino-alt-1024x683.jpg\" alt=\"\" class=\"kb-img wp-image-27\" srcset=\"https:\/\/ceo-reisen.de\/wp-content\/uploads\/2026\/01\/Camino-alt-1024x683.jpg 1024w, https:\/\/ceo-reisen.de\/wp-content\/uploads\/2026\/01\/Camino-alt-300x200.jpg 300w, https:\/\/ceo-reisen.de\/wp-content\/uploads\/2026\/01\/Camino-alt-768x512.jpg 768w, https:\/\/ceo-reisen.de\/wp-content\/uploads\/2026\/01\/Camino-alt-1536x1024.jpg 1536w, https:\/\/ceo-reisen.de\/wp-content\/uploads\/2026\/01\/Camino-alt-2048x1365.jpg 2048w\" sizes=\"auto, (max-width: 1024px) 100vw, 1024px\" \/><\/div><figcaption>Camino de Frances<\/figcaption><\/figure>\n<\/div><\/div>\n\n<\/div><\/div>\n\n\n<div class=\"wp-block-media-text is-stacked-on-mobile\" style=\"grid-template-columns:34% auto\"><figure class=\"wp-block-media-text__media\"><img loading=\"lazy\" decoding=\"async\" width=\"1024\" height=\"1024\" src=\"https:\/\/ceo-reisen.de\/ceo-reisen.de\/wp-content\/uploads\/2026\/01\/image_1763557434876.jpeg\" alt=\"\" class=\"wp-image-105 size-full\" srcset=\"https:\/\/ceo-reisen.de\/wp-content\/uploads\/2026\/01\/image_1763557434876.jpeg 1024w, https:\/\/ceo-reisen.de\/wp-content\/uploads\/2026\/01\/image_1763557434876-300x300.jpeg 300w, https:\/\/ceo-reisen.de\/wp-content\/uploads\/2026\/01\/image_1763557434876-150x150.jpeg 150w, https:\/\/ceo-reisen.de\/wp-content\/uploads\/2026\/01\/image_1763557434876-768x768.jpeg 768w, https:\/\/ceo-reisen.de\/wp-content\/uploads\/2026\/01\/image_1763557434876-630x630.jpeg 630w, https:\/\/ceo-reisen.de\/wp-content\/uploads\/2026\/01\/image_1763557434876-60x60.jpeg 60w\" sizes=\"auto, (max-width: 1024px) 100vw, 1024px\" \/><\/figure><div class=\"wp-block-media-text__content\">\n<p><strong>Warum mit uns reisen<\/strong>?<\/p>\n\n\n\n<p><strong>Unsere Versprechen:<\/strong><br>&#8211; Authentische Begegnungen und besondere Momente<br>&#8211; Exklusive Routen abseits der Touristenstr\u00f6me<br>&#8211; Pers\u00f6nliche Betreuung von Anfang bis Ende<br>&#8211; Kleine Gruppen oder private Reisen<br>&#8211; Handverlesene Unterk\u00fcnfte<\/p>\n<\/div><\/div>\n\n\n\n<div class=\"wp-block-media-text has-media-on-the-right is-stacked-on-mobile\"><div class=\"wp-block-media-text__content\">\n<p class=\"has-large-font-size\">\u00dcber uns &#8211; <strong>Wer sind wir?<\/strong><\/p>\n\n\n\n<p><strong>Wir sind Reisegestalter aus Leidenschaft \u2013 mit einem klaren Anspruch: Menschen besondere Momente zu schenken. Momente, die ber\u00fchren, entschleunigen, inspirieren und lange nachwirken. Unsere Reisen f\u00fchren in bekannte Regionen, aber bewusst abseits der Touristenstr\u00f6me. Wir \u00f6ffnen T\u00fcren, schaffen Zug\u00e4nge und gestalten Erlebnisse, die man allein so nicht findet.<br>Unsere Philosophie<br>Reisen bedeutet f\u00fcr uns mehr als Orte zu sehen. Es bedeutet, sie zu f\u00fchlen. Wir glauben an kleine Gruppen, pers\u00f6nliche Begleitung und echte Begegnungen. An Stille statt Hektik. An Qualit\u00e4t statt Masse. An Reisen, die nicht laut sind \u2013 sondern tief.<br>Jede unserer Touren ist handverlesen, sorgf\u00e4ltig geplant und mit viel Liebe zum Detail gestaltet. Wir kennen unsere Partner pers\u00f6nlich, w\u00e4hlen Unterk\u00fcnfte mit Charakter und achten darauf, dass jede Reise ihren eigenen Rhythmus hat.<br><\/strong><\/p>\n<\/div><figure class=\"wp-block-media-text__media\"><img loading=\"lazy\" decoding=\"async\" width=\"1024\" height=\"1024\" src=\"https:\/\/ceo-reisen.de\/ceo-reisen.de\/wp-content\/uploads\/2026\/01\/copilot_image_1766603910341.png\" alt=\"\" class=\"wp-image-154 size-full\" srcset=\"https:\/\/ceo-reisen.de\/wp-content\/uploads\/2026\/01\/copilot_image_1766603910341.png 1024w, https:\/\/ceo-reisen.de\/wp-content\/uploads\/2026\/01\/copilot_image_1766603910341-300x300.png 300w, https:\/\/ceo-reisen.de\/wp-content\/uploads\/2026\/01\/copilot_image_1766603910341-150x150.png 150w, https:\/\/ceo-reisen.de\/wp-content\/uploads\/2026\/01\/copilot_image_1766603910341-768x768.png 768w\" sizes=\"auto, (max-width: 1024px) 100vw, 1024px\" \/><\/figure><\/div>\n\n\n\n<p><\/p>\n","protected":false},"excerpt":{"rendered":"<p>Private Reisen abseits der Touristenstr\u00f6me Handverlesene Special\u2011Events, pers\u00f6nliche Begleitung und exklusive Erlebnisse f\u00fcr Menschen, die mehr suchen als eine gew\u00f6hnliche Reise.Reisen, die ber\u00fchren \u2013 Erlebnisse, die bleibenWir gestalten besondere Reisen f\u00fcr Menschen, die das Authentische suchen. Kleine Gruppen, pers\u00f6nliche Betreuung und exklusive Zug\u00e4nge machen unsere Touren einzigartig. Jede Reise ist sorgf\u00e4ltig kuratiert \u2013 mit Liebe [&hellip;]<\/p>\n","protected":false},"author":1,"featured_media":0,"parent":0,"menu_order":0,"comment_status":"closed","ping_status":"closed","template":"templates\/template-destination.php","meta":{"_kadence_starter_templates_imported_post":false,"_swpsp_post_exclude":false,"footnotes":""},"class_list":["post-60","page","type-page","status-publish","hentry"],"blocksy_meta":[],"_links":{"self":[{"href":"https:\/\/ceo-reisen.de\/index.php?rest_route=\/wp\/v2\/pages\/60","targetHints":{"allow":["GET"]}}],"collection":[{"href":"https:\/\/ceo-reisen.de\/index.php?rest_route=\/wp\/v2\/pages"}],"about":[{"href":"https:\/\/ceo-reisen.de\/index.php?rest_route=\/wp\/v2\/types\/page"}],"author":[{"embeddable":true,"href":"https:\/\/ceo-reisen.de\/index.php?rest_route=\/wp\/v2\/users\/1"}],"replies":[{"embeddable":true,"href":"https:\/\/ceo-reisen.de\/index.php?rest_route=%2Fwp%2Fv2%2Fcomments&post=60"}],"version-history":[{"count":10,"href":"https:\/\/ceo-reisen.de\/index.php?rest_route=\/wp\/v2\/pages\/60\/revisions"}],"predecessor-version":[{"id":390,"href":"https:\/\/ceo-reisen.de\/index.php?rest_route=\/wp\/v2\/pages\/60\/revisions\/390"}],"wp:attachment":[{"href":"https:\/\/ceo-reisen.de\/index.php?rest_route=%2Fwp%2Fv2%2Fmedia&parent=60"}],"curies":[{"name":"wp","href":"https:\/\/api.w.org\/{rel}","templated":true}]}}