{"id":259,"date":"2026-02-01T18:20:34","date_gmt":"2026-02-01T17:20:34","guid":{"rendered":"https:\/\/ceo-reisen.de\/ceo-reisen.de\/?page_id=259"},"modified":"2026-03-28T08:37:40","modified_gmt":"2026-03-28T07:37:40","slug":"259-2","status":"publish","type":"page","link":"https:\/\/ceo-reisen.de\/?page_id=259","title":{"rendered":"Kontaktanfrage"},"content":{"rendered":"<style>.kb-row-layout-id259_b6728c-75 > .kt-row-column-wrap{align-content:start;}:where(.kb-row-layout-id259_b6728c-75 > .kt-row-column-wrap) > .wp-block-kadence-column{justify-content:start;}.kb-row-layout-id259_b6728c-75 > .kt-row-column-wrap{column-gap:var(--global-kb-gap-md, 2rem);row-gap:var(--global-kb-gap-md, 2rem);max-width:1290px;padding-top:4px;padding-right:0px;padding-bottom:80px;padding-left:0px;grid-template-columns:minmax(0, 1fr);}.kb-row-layout-id259_b6728c-75{background-color:var(--global-palette9, #ffffff);}.kb-row-layout-id259_b6728c-75 > .kt-row-layout-overlay{opacity:0.30;}@media all and (max-width: 1024px){.kb-row-layout-id259_b6728c-75 > .kt-row-column-wrap{padding-top:70px;padding-right:0px;padding-bottom:70px;padding-left:0px;grid-template-columns:minmax(0, 1fr);}}@media all and (max-width: 767px){.kb-row-layout-wrap.wp-block-kadence-rowlayout.kb-row-layout-id259_b6728c-75{margin-top:80px;}.kb-row-layout-id259_b6728c-75 > .kt-row-column-wrap{padding-top:70px;padding-right:15px;padding-bottom:70px;padding-left:15px;grid-template-columns:minmax(0, 1fr);}}<\/style><div class=\"kb-row-layout-wrap kb-row-layout-id259_b6728c-75 alignfull has-theme-palette9-background-color kt-row-has-bg wp-block-kadence-rowlayout\"><div class=\"kt-row-column-wrap kt-has-1-columns kt-row-layout-equal kt-tab-layout-inherit kt-mobile-layout-row kt-row-valign-top kb-theme-content-width\">\n<style>.kadence-column259_1afed6-fa > .kt-inside-inner-col{padding-top:10px;padding-right:10px;padding-bottom:10px;padding-left:10px;}.kadence-column259_1afed6-fa > .kt-inside-inner-col,.kadence-column259_1afed6-fa > .kt-inside-inner-col:before{border-top-left-radius:0px;border-top-right-radius:0px;border-bottom-right-radius:0px;border-bottom-left-radius:0px;}.kadence-column259_1afed6-fa > .kt-inside-inner-col{column-gap:var(--global-kb-gap-sm, 1rem);}.kadence-column259_1afed6-fa > .kt-inside-inner-col{flex-direction:column;}.kadence-column259_1afed6-fa > .kt-inside-inner-col > .aligncenter{width:100%;}.kadence-column259_1afed6-fa > .kt-inside-inner-col:before{opacity:0.3;}.kadence-column259_1afed6-fa{position:relative;}@media all and (max-width: 1024px){.kadence-column259_1afed6-fa > .kt-inside-inner-col{flex-direction:column;justify-content:center;}}@media all and (max-width: 767px){.kadence-column259_1afed6-fa > .kt-inside-inner-col{flex-direction:column;justify-content:center;}}<\/style>\n<div class=\"wp-block-kadence-column kadence-column259_1afed6-fa inner-column-1\"><div class=\"kt-inside-inner-col\"><style>.kb-row-layout-id259_124383-8d > .kt-row-column-wrap{align-content:start;}:where(.kb-row-layout-id259_124383-8d > .kt-row-column-wrap) > .wp-block-kadence-column{justify-content:start;}.kb-row-layout-id259_124383-8d > .kt-row-column-wrap{column-gap:var(--global-kb-gap-md, 2rem);row-gap:var(--global-kb-gap-sm, 1rem);max-width:600px;margin-left:auto;margin-right:auto;padding-top:0px;padding-right:0px;padding-bottom:0px;padding-left:0px;grid-template-columns:minmax(0, 1fr);}.kb-row-layout-id259_124383-8d > .kt-row-layout-overlay{opacity:0.30;}@media all and (max-width: 1024px){.kb-row-layout-id259_124383-8d > .kt-row-column-wrap{grid-template-columns:minmax(0, 1fr);}}@media all and (max-width: 767px){.kb-row-layout-id259_124383-8d > .kt-row-column-wrap{grid-template-columns:minmax(0, 1fr);}}<\/style><div class=\"kb-row-layout-wrap kb-row-layout-id259_124383-8d alignnone wp-block-kadence-rowlayout\"><div class=\"kt-row-column-wrap kt-has-1-columns kt-row-layout-equal kt-tab-layout-inherit kt-mobile-layout-row kt-row-valign-top\">\n<style>.kadence-column259_5d1dd9-d5 > .kt-inside-inner-col{padding-top:0px;padding-right:0px;padding-bottom:0px;padding-left:0px;}.kadence-column259_5d1dd9-d5 > .kt-inside-inner-col,.kadence-column259_5d1dd9-d5 > .kt-inside-inner-col:before{border-top-left-radius:0px;border-top-right-radius:0px;border-bottom-right-radius:0px;border-bottom-left-radius:0px;}.kadence-column259_5d1dd9-d5 > .kt-inside-inner-col{column-gap:var(--global-kb-gap-sm, 1rem);}.kadence-column259_5d1dd9-d5 > .kt-inside-inner-col{flex-direction:column;}.kadence-column259_5d1dd9-d5 > .kt-inside-inner-col > .aligncenter{width:100%;}.kadence-column259_5d1dd9-d5 > .kt-inside-inner-col:before{opacity:0.3;}.kadence-column259_5d1dd9-d5{position:relative;}@media all and (max-width: 1024px){.kadence-column259_5d1dd9-d5 > .kt-inside-inner-col{flex-direction:column;justify-content:center;}}@media all and (max-width: 767px){.kadence-column259_5d1dd9-d5 > .kt-inside-inner-col{flex-direction:column;justify-content:center;}}<\/style>\n<div class=\"wp-block-kadence-column kadence-column259_5d1dd9-d5 inner-column-1\"><div class=\"kt-inside-inner-col\"><style>.wp-block-kadence-advancedheading.kt-adv-heading259_0209d7-4a, .wp-block-kadence-advancedheading.kt-adv-heading259_0209d7-4a[data-kb-block=\"kb-adv-heading259_0209d7-4a\"]{margin-bottom:var(--global-kb-spacing-sm, 1.5rem);text-align:center;line-height:1em;font-weight:400;font-style:normal;text-transform:uppercase;letter-spacing:1px;color:var(--global-palette1, #3182CE);background-color:#f57a07;}.wp-block-kadence-advancedheading.kt-adv-heading259_0209d7-4a mark.kt-highlight, .wp-block-kadence-advancedheading.kt-adv-heading259_0209d7-4a[data-kb-block=\"kb-adv-heading259_0209d7-4a\"] mark.kt-highlight{font-style:normal;color:#f76a0c;-webkit-box-decoration-break:clone;box-decoration-break:clone;padding-top:0px;padding-right:0px;padding-bottom:0px;padding-left:0px;}.wp-block-kadence-advancedheading.kt-adv-heading259_0209d7-4a img.kb-inline-image, .wp-block-kadence-advancedheading.kt-adv-heading259_0209d7-4a[data-kb-block=\"kb-adv-heading259_0209d7-4a\"] img.kb-inline-image{width:150px;vertical-align:baseline;}<\/style>\n<h6 class=\"kt-adv-heading259_0209d7-4a wp-block-kadence-advancedheading has-theme-palette-1-color has-text-color\" data-kb-block=\"kb-adv-heading259_0209d7-4a\">So erreichen Sie uns:<\/h6>\n\n\n<style>.wp-block-kadence-advancedheading.kt-adv-heading259_bcc4d1-10, .wp-block-kadence-advancedheading.kt-adv-heading259_bcc4d1-10[data-kb-block=\"kb-adv-heading259_bcc4d1-10\"]{margin-top:0px;margin-right:0px;margin-bottom:38.5px;margin-left:0px;text-align:center;line-height:1em;font-style:normal;}.wp-block-kadence-advancedheading.kt-adv-heading259_bcc4d1-10 mark.kt-highlight, .wp-block-kadence-advancedheading.kt-adv-heading259_bcc4d1-10[data-kb-block=\"kb-adv-heading259_bcc4d1-10\"] mark.kt-highlight{font-style:normal;color:#f76a0c;-webkit-box-decoration-break:clone;box-decoration-break:clone;padding-top:0px;padding-right:0px;padding-bottom:0px;padding-left:0px;}.wp-block-kadence-advancedheading.kt-adv-heading259_bcc4d1-10 img.kb-inline-image, .wp-block-kadence-advancedheading.kt-adv-heading259_bcc4d1-10[data-kb-block=\"kb-adv-heading259_bcc4d1-10\"] img.kb-inline-image{width:150px;vertical-align:baseline;}<\/style>\n<h2 class=\"kt-adv-heading259_bcc4d1-10 wp-block-kadence-advancedheading has-palette-color-8-background-color has-background\" data-kb-block=\"kb-adv-heading259_bcc4d1-10\"><strong>Wir freuen uns auf Ihre Anfrage<\/strong><br><\/h2>\n\n\n<style>.wp-block-kadence-advancedheading.kt-adv-heading259_bc709d-ad, .wp-block-kadence-advancedheading.kt-adv-heading259_bc709d-ad[data-kb-block=\"kb-adv-heading259_bc709d-ad\"]{margin-top:0px;margin-right:0px;margin-bottom:60px;margin-left:0px;text-align:center;font-size:var(--global-kb-font-size-md, 1.25rem);font-style:normal;background-color:#f57a07;}.wp-block-kadence-advancedheading.kt-adv-heading259_bc709d-ad mark.kt-highlight, .wp-block-kadence-advancedheading.kt-adv-heading259_bc709d-ad[data-kb-block=\"kb-adv-heading259_bc709d-ad\"] mark.kt-highlight{font-style:normal;color:#f76a0c;-webkit-box-decoration-break:clone;box-decoration-break:clone;padding-top:0px;padding-right:0px;padding-bottom:0px;padding-left:0px;}.wp-block-kadence-advancedheading.kt-adv-heading259_bc709d-ad img.kb-inline-image, .wp-block-kadence-advancedheading.kt-adv-heading259_bc709d-ad[data-kb-block=\"kb-adv-heading259_bc709d-ad\"] img.kb-inline-image{width:150px;vertical-align:baseline;}@media all and (max-width: 767px){.wp-block-kadence-advancedheading.kt-adv-heading259_bc709d-ad, .wp-block-kadence-advancedheading.kt-adv-heading259_bc709d-ad[data-kb-block=\"kb-adv-heading259_bc709d-ad\"]{margin-top:0px;margin-right:0px;margin-bottom:0px;margin-left:0px;}}<\/style>\n<p class=\"kt-adv-heading259_bc709d-ad wp-block-kadence-advancedheading\" data-kb-block=\"kb-adv-heading259_bc709d-ad\">Jede unserer Reisen beginnt mit einem pers\u00f6nlichen Gespr\u00e4ch. Wir m\u00f6chten verstehen, was Siue suchen, welche Art von Erlebnis Sie anspricht und welche Momente wichtig sind. So entsteht eine Reise, die wirklich zu Ihnen passt \u2013 exklusiv, ruhig und voller besonderer Augenblicke.<\/p>\n<\/div><\/div>\n\n<\/div><\/div>\n\n<style>.kb-row-layout-id259_c14a5a-81 > .kt-row-column-wrap{align-content:start;}:where(.kb-row-layout-id259_c14a5a-81 > .kt-row-column-wrap) > .wp-block-kadence-column{justify-content:start;}.kb-row-layout-id259_c14a5a-81 > .kt-row-column-wrap{column-gap:var(--global-kb-gap-none, 0rem );row-gap:var(--global-kb-gap-none, 0rem );max-width:1140px;margin-left:auto;margin-right:auto;padding-top:0px;padding-right:0px;padding-bottom:0px;padding-left:0px;grid-template-columns:minmax(0, 1fr);}.kb-row-layout-id259_c14a5a-81 > .kt-row-layout-overlay{opacity:0.30;}@media all and (max-width: 1024px){.kb-row-layout-id259_c14a5a-81 > .kt-row-column-wrap{grid-template-columns:minmax(0, 1fr);}}@media all and (max-width: 767px){.kb-row-layout-id259_c14a5a-81 > .kt-row-column-wrap{grid-template-columns:minmax(0, 1fr);}}<\/style><div class=\"kb-row-layout-wrap kb-row-layout-id259_c14a5a-81 alignnone wp-block-kadence-rowlayout\"><div class=\"kt-row-column-wrap kt-has-1-columns kt-row-layout-equal kt-tab-layout-inherit kt-mobile-layout-row kt-row-valign-top\">\n<style>.kadence-column259_dca87a-a2 > .kt-inside-inner-col{padding-top:10px;padding-right:10px;padding-bottom:10px;padding-left:10px;}.kadence-column259_dca87a-a2 > .kt-inside-inner-col,.kadence-column259_dca87a-a2 > .kt-inside-inner-col:before{border-top-left-radius:0px;border-top-right-radius:0px;border-bottom-right-radius:0px;border-bottom-left-radius:0px;}.kadence-column259_dca87a-a2 > .kt-inside-inner-col{column-gap:var(--global-kb-gap-sm, 1rem);}.kadence-column259_dca87a-a2 > .kt-inside-inner-col{flex-direction:column;}.kadence-column259_dca87a-a2 > .kt-inside-inner-col > .aligncenter{width:100%;}.kadence-column259_dca87a-a2 > .kt-inside-inner-col:before{opacity:0.3;}.kadence-column259_dca87a-a2{position:relative;}@media all and (max-width: 1024px){.kadence-column259_dca87a-a2 > .kt-inside-inner-col{flex-direction:column;justify-content:center;}}@media all and (max-width: 1024px){.kadence-column259_dca87a-a2, .kt-inside-inner-col > .kadence-column259_dca87a-a2:not(.specificity){margin-top:20px;margin-right:0px;margin-bottom:0px;margin-left:0px;}}@media all and (max-width: 767px){.kadence-column259_dca87a-a2 > .kt-inside-inner-col{flex-direction:column;justify-content:center;}}<\/style>\n<div class=\"wp-block-kadence-column kadence-column259_dca87a-a2 inner-column-2\"><div class=\"kt-inside-inner-col\"><style>.kb-row-layout-wrap.wp-block-kadence-rowlayout.kb-row-layout-id259_49c86b-d5{margin-top:0px;margin-bottom:0px;}.kb-row-layout-id259_49c86b-d5 > .kt-row-column-wrap{align-content:start;}:where(.kb-row-layout-id259_49c86b-d5 > .kt-row-column-wrap) > .wp-block-kadence-column{justify-content:start;}.kb-row-layout-id259_49c86b-d5 > .kt-row-column-wrap{column-gap:var(--global-kb-gap-md, 2rem);row-gap:var(--global-kb-gap-sm, 1rem);max-width:1140px;margin-left:auto;margin-right:auto;padding-top:50px;padding-right:50px;padding-bottom:30px;padding-left:50px;grid-template-columns:minmax(0, 1fr);}.kb-row-layout-id259_49c86b-d5{border-top-left-radius:10px;border-top-right-radius:10px;border-bottom-right-radius:10px;border-bottom-left-radius:10px;overflow:clip;isolation:isolate;}.kb-row-layout-id259_49c86b-d5 > .kt-row-layout-overlay{border-top-left-radius:10px;border-top-right-radius:10px;border-bottom-right-radius:10px;border-bottom-left-radius:10px;}.kb-row-layout-id259_49c86b-d5{background-image:linear-gradient(135deg,var(--theme-palette-color-8, #ffffff) 0%,rgb(20,39,109) 100%);}.kb-row-layout-id259_49c86b-d5 > .kt-row-layout-overlay{opacity:0.30;}@media all and (max-width: 1024px){.kb-row-layout-id259_49c86b-d5 > .kt-row-column-wrap{grid-template-columns:minmax(0, 1fr);}}@media all and (max-width: 767px){.kb-row-layout-wrap.wp-block-kadence-rowlayout.kb-row-layout-id259_49c86b-d5{margin-top:15px;margin-bottom:0px;}.kb-row-layout-id259_49c86b-d5 > .kt-row-column-wrap{padding-top:20px;padding-right:10px;padding-bottom:10px;padding-left:10px;grid-template-columns:minmax(0, 1fr);}}.kb-row-layout-id259_49c86b-d5 {box-shadow: 20px 20px 90px 0px rgba(27, 0, 79, 0.06);}<\/style><div class=\"kb-row-layout-wrap kb-row-layout-id259_49c86b-d5 alignnone kt-row-has-bg wp-block-kadence-rowlayout\"><div class=\"kt-row-column-wrap kt-has-1-columns kt-row-layout-equal kt-tab-layout-inherit kt-mobile-layout-row kt-row-valign-top\">\n<style>.kadence-column259_4d345d-7b > .kt-inside-inner-col,.kadence-column259_4d345d-7b > .kt-inside-inner-col:before{border-top-left-radius:0px;border-top-right-radius:0px;border-bottom-right-radius:0px;border-bottom-left-radius:0px;}.kadence-column259_4d345d-7b > .kt-inside-inner-col{column-gap:var(--global-kb-gap-sm, 1rem);}.kadence-column259_4d345d-7b > .kt-inside-inner-col{flex-direction:column;}.kadence-column259_4d345d-7b > .kt-inside-inner-col > .aligncenter{width:100%;}.kadence-column259_4d345d-7b > .kt-inside-inner-col:before{opacity:0.3;}.kadence-column259_4d345d-7b{position:relative;}@media all and (max-width: 1024px){.kadence-column259_4d345d-7b > .kt-inside-inner-col{flex-direction:column;justify-content:center;}}@media all and (max-width: 767px){.kadence-column259_4d345d-7b > .kt-inside-inner-col{flex-direction:column;justify-content:center;}}<\/style>\n<div class=\"wp-block-kadence-column kadence-column259_4d345d-7b inner-column-1\"><div class=\"kt-inside-inner-col\"><style>.kadence-form-259_6e279c-03 .kb-form .kadence-blocks-form-field label .required{color:var(--global-palette1, #3182CE);}.kadence-form-259_6e279c-03 .kb-form .kadence-blocks-form-field .kb-text-style-field, .kadence-form-259_6e279c-03 .kb-form .kadence-blocks-form-field .kb-select-style-field{font-size:14px;background:var(--theme-palette-color-8, #ffffff);border-color:var(--global-palette7, #EDF2F7);}.kadence-form-259_6e279c-03 .kb-form .kadence-blocks-form-field > label{color:var(--global-palette3, #1A202C);font-size:16px;font-weight:bold;}.kadence-form-259_6e279c-03 .kb-form .kadence-blocks-form-field .kb-forms-submit{border-radius:5px;}.kadence-form-259_6e279c-03 .kb-form .kadence-blocks-form-field .kb-forms-submit{font-size:16px;}.kb-form input.kadence-blocks-field.verify{opacity:0.0;position:absolute;top:0.0;left:0.0;width:0.0;height:0.0;z-index:-1;}<\/style>\n<div class=\"wp-block-kadence-form kadence-form-259_6e279c-03 kb-form-wrap\"><form class=\"kb-form\" action=\"\" method=\"post\"><div class=\"kadence-blocks-form-field kb-field-desk-width-50 kb-field-mobile-width-100 kb-input-size-small\"><label for=\"kb_field_259_6e279c-03_0\">Vorname<span class=\"required\">*<\/span><\/label><input name=\"kb_field_0\" id=\"kb_field_259_6e279c-03_0\" data-label=\"Vorname\" type=\"text\" placeholder=\"Vorname\" value=\"\" data-type=\"text\" class=\"kb-field kb-text-style-field kb-text-field kb-field-0\" data-required=\"yes\"\/><\/div><div class=\"kadence-blocks-form-field kb-form-field-1 kb-field-desk-width-50 kb-field-mobile-width-100 kb-input-size-small\"><label for=\"kb_field_259_6e279c-03_1\">Nachname<span class=\"required\">*<\/span><\/label><input name=\"kb_field_1\" id=\"kb_field_259_6e279c-03_1\" data-label=\"Nachname\" type=\"text\" placeholder=\"Nachname\" value=\"\" data-type=\"text\" class=\"kb-field kb-text-style-field kb-text-field kb-field-1\" data-required=\"yes\"\/><\/div><div class=\"kadence-blocks-form-field kb-form-field-2 kb-field-desk-width-100 kb-input-size-small\"><label for=\"kb_field_259_6e279c-03_2\">Email<span class=\"required\">*<\/span><\/label><input name=\"kb_field_2\" id=\"kb_field_259_6e279c-03_2\" data-label=\"Email\" type=\"email\" placeholder=\"Email Address\" value=\"\" data-type=\"email\" class=\"kb-field kb-text-style-field kb-email-field kb-field-2\" data-required=\"yes\"\/><\/div><div class=\"kadence-blocks-form-field kb-form-field-3 kb-field-desk-width-100 kb-input-size-small\"><label for=\"kb_field_259_6e279c-03_3\">Telefonnummer<span class=\"required\">*<\/span><\/label><input name=\"kb_field_3\" id=\"kb_field_259_6e279c-03_3\" data-label=\"Telefonnummer\" type=\"tel\" placeholder=\"Telefonnummer\" value=\"\" data-type=\"tel\" class=\"kb-field kb-text-style-field kb-tel-field kb-field-3\" data-required=\"yes\"\/><\/div><div class=\"kadence-blocks-form-field kb-form-field-4 kb-field-desk-width-100 kb-input-size-small\"><label for=\"kb_field_259_6e279c-03_4\">Thema<span class=\"required\">*<\/span><\/label><input name=\"kb_field_4\" id=\"kb_field_259_6e279c-03_4\" data-label=\"Thema\" type=\"text\" placeholder=\"Thema\" value=\"\" data-type=\"text\" class=\"kb-field kb-text-style-field kb-text-field kb-field-4\" data-required=\"yes\"\/><\/div><div class=\"kadence-blocks-form-field kb-form-field-5 kb-field-desk-width-100 kb-input-size-small\"><label for=\"kb_field_259_6e279c-03_5\">Nachricht<span class=\"required\">*<\/span><\/label><textarea name=\"kb_field_5\" id=\"kb_field_259_6e279c-03_5\" data-label=\"Nachricht\" type=\"textarea\" placeholder=\"Ihre Anfrage\" data-type=\"textarea\" class=\"kb-field kb-text-style-field kb-textarea-field kb-field-5\" rows=\"4\" data-required=\"yes\"><\/textarea><\/div><input type=\"hidden\" name=\"_kb_form_id\" value=\"259_6e279c-03\"\/><input type=\"hidden\" name=\"_kb_form_post_id\" value=\"259\"\/><input type=\"hidden\" name=\"action\" value=\"kb_process_ajax_submit\"\/><label class=\"kadence-verify-label\">Email<input class=\"kadence-blocks-field verify\" type=\"text\" name=\"_kb_verify_email\" autocomplete=\"new-password\" aria-hidden=\"true\" placeholder=\"Email\" tabindex=\"-1\" data-1p-ignore=\"true\" data-lpignore=\"true\" \/><\/label><div class=\"kadence-blocks-form-field kb-submit-field kb-field-desk-width-100\"><button class=\"kb-forms-submit button kb-button-size-large kb-button-width-auto\">Senden<\/button><\/div><\/form><\/div>\n<noscript><div class=\"kadence-blocks-form-message kadence-blocks-form-warning\">Bitte aktiviere JavaScript in deinem Browser, um dieses Formular fertigzustellen.<\/div><style>.kadence-form-259_6e279c-03 .kadence-blocks-form-field.kb-submit-field { display: none; }<\/style><\/noscript><\/div><\/div>\n\n<\/div><\/div><\/div><\/div>\n\n<\/div><\/div><\/div><\/div>\n\n<\/div><\/div>\n\n\n<p><\/p>\n","protected":false},"excerpt":{"rendered":"<p>So erreichen Sie uns: Wir freuen uns auf Ihre Anfrage Jede unserer Reisen beginnt mit einem pers\u00f6nlichen Gespr\u00e4ch. Wir m\u00f6chten verstehen, was Siue suchen, welche Art von Erlebnis Sie anspricht und welche Momente wichtig sind. So entsteht eine Reise, die wirklich zu Ihnen passt \u2013 exklusiv, ruhig und voller besonderer Augenblicke.<\/p>\n","protected":false},"author":1,"featured_media":0,"parent":0,"menu_order":0,"comment_status":"closed","ping_status":"closed","template":"","meta":{"_kadence_starter_templates_imported_post":false,"_swpsp_post_exclude":false,"footnotes":""},"class_list":["post-259","page","type-page","status-publish","hentry"],"blocksy_meta":[],"_links":{"self":[{"href":"https:\/\/ceo-reisen.de\/index.php?rest_route=\/wp\/v2\/pages\/259","targetHints":{"allow":["GET"]}}],"collection":[{"href":"https:\/\/ceo-reisen.de\/index.php?rest_route=\/wp\/v2\/pages"}],"about":[{"href":"https:\/\/ceo-reisen.de\/index.php?rest_route=\/wp\/v2\/types\/page"}],"author":[{"embeddable":true,"href":"https:\/\/ceo-reisen.de\/index.php?rest_route=\/wp\/v2\/users\/1"}],"replies":[{"embeddable":true,"href":"https:\/\/ceo-reisen.de\/index.php?rest_route=%2Fwp%2Fv2%2Fcomments&post=259"}],"version-history":[{"count":10,"href":"https:\/\/ceo-reisen.de\/index.php?rest_route=\/wp\/v2\/pages\/259\/revisions"}],"predecessor-version":[{"id":437,"href":"https:\/\/ceo-reisen.de\/index.php?rest_route=\/wp\/v2\/pages\/259\/revisions\/437"}],"wp:attachment":[{"href":"https:\/\/ceo-reisen.de\/index.php?rest_route=%2Fwp%2Fv2%2Fmedia&parent=259"}],"curies":[{"name":"wp","href":"https:\/\/api.w.org\/{rel}","templated":true}]}}