{"id":186,"date":"2026-01-29T08:47:59","date_gmt":"2026-01-29T07:47:59","guid":{"rendered":"https:\/\/ceo-reisen.de\/ceo-reisen.de\/?page_id=186"},"modified":"2026-01-29T08:47:59","modified_gmt":"2026-01-29T07:47:59","slug":"impressum","status":"publish","type":"page","link":"https:\/\/ceo-reisen.de\/?page_id=186","title":{"rendered":"Impressum"},"content":{"rendered":"<style>.wp-block-kadence-advancedheading.kt-adv-heading186_e635dd-45, .wp-block-kadence-advancedheading.kt-adv-heading186_e635dd-45[data-kb-block=\"kb-adv-heading186_e635dd-45\"]{font-size:var(--global-kb-font-size-sm, 0.9rem);font-style:normal;}.wp-block-kadence-advancedheading.kt-adv-heading186_e635dd-45 mark.kt-highlight, .wp-block-kadence-advancedheading.kt-adv-heading186_e635dd-45[data-kb-block=\"kb-adv-heading186_e635dd-45\"] mark.kt-highlight{font-style:normal;color:#f76a0c;-webkit-box-decoration-break:clone;box-decoration-break:clone;padding-top:0px;padding-right:0px;padding-bottom:0px;padding-left:0px;}.wp-block-kadence-advancedheading.kt-adv-heading186_e635dd-45 img.kb-inline-image, .wp-block-kadence-advancedheading.kt-adv-heading186_e635dd-45[data-kb-block=\"kb-adv-heading186_e635dd-45\"] img.kb-inline-image{width:150px;vertical-align:baseline;}<\/style>\n<h2 class=\"kt-adv-heading186_e635dd-45 wp-block-kadence-advancedheading\" data-kb-block=\"kb-adv-heading186_e635dd-45\">CEO Reisen ist ein Produkt von<br>CEO Classic Event Organisation Germany e.K. \u00ae<br>Werner Merfels<br>Staffeler Weg 5<br>65582 Diez<br><strong>Telefon<\/strong>: 0 64 32-50 86 52<br><strong>e-mail:<\/strong> ceo (at) ceo-reisen.de<br><strong>USt-Id-Nr:<\/strong> DE 201 35 99 11<br><strong>HRA<\/strong> 20 650<br>Unser Firmenzeichen ist als Wort und Bildmarke gesch\u00fctzt!<br>Die Kundengeldabsicherung gem. \u00a7 651 k BGB besteht \u00fcber KAERA Makler, Industriestra\u00dfe 4-6, 61440 Oberursel, Telefon: T: +49 (0)6172 99761 \u2013 0<br><br>Die Reise-Veranstalter-Haftpflicht-Versicherung besteht \u00fcber:<br>KAERA Makler, Industriestra\u00dfe 4-6, 61440 Oberursel, Telefon: T: +49 (0)6172 99761 \u2013 0<br>Haftung<br>Die Inhalte unserer Seiten wurden mit gr\u00f6\u00dfter Sorgfalt erstellt. F\u00fcr die Richtigkeit, Vollst\u00e4ndigkeit und Aktualit\u00e4t der Inhalte k\u00f6nnen wir jedoch keine Gew\u00e4hr \u00fcbernehmen.<br>Als Diensteanbieter sind wir f\u00fcr eigene Inhalte auf diesen Seiten nach den allgemeinen Gesetzen verantwortlich. Diensteanbieter sind jedoch nicht verpflichtet, die von ihnen \u00fcbermittelten oder gespeicherten fremden Informationen zu \u00fcberwachen oder nach Umst\u00e4nden zu forschen, die auf eine rechtswidrige T\u00e4tigkeit hinweisen. Verpflichtungen zur Entfernung oder Sperrung der Nutzung von Informationen nach den allgemeinen Gesetzen bleiben hiervon unber\u00fchrt. Eine diesbez\u00fcgliche Haftung ist jedoch erst ab dem Zeitpunkt der Kenntnis einer konkreten Rechtsverletzung m\u00f6glich. Bei bekannt werden von entsprechenden Rechtsverletzungen werden wir diese Inhalte umgehend entfernen.<br>Haftung f\u00fcr Links<br>Unser Angebot enth\u00e4lt Links zu externen Webseiten Dritter, auf deren Inhalte wir keinen Einfluss haben. Deshalb k\u00f6nnen wir f\u00fcr diese fremden Inhalte auch keine Gew\u00e4hr \u00fcbernehmen. F\u00fcr die Inhalte der verlinkten Seiten ist stets der jeweilige Anbieter oder Betreiber der Seiten verantwortlich. Die verlinkten Seiten wurden zum Zeitpunkt der Verlinkung auf m\u00f6gliche Rechtsverst\u00f6\u00dfe \u00fcberpr\u00fcft. Rechtswidrige Inhalte waren zum Zeitpunkt der Verlinkung nicht erkennbar. Eine permanente inhaltliche Kontrolle der verlinkten Seiten ist jedoch ohne konkrete Anhaltspunkte einer Rechtsverletzung nicht zumutbar. Bei bekannt werden von Rechtsverletzungen werden wir derartige Links umgehend entfernen.<br>Urheberrecht<br>Die Betreiber der Seiten sind bem\u00fcht, stets die Urheberrechte anderer zu beachten bzw. auf selbst erstellte sowie lizenzfreie Werke zur\u00fcckzugreifen.<br>Die durch die Seitenbetreiber erstellten Inhalte und Werke auf diesen Seiten unterliegen dem deutschen Urheberrecht. Beitr\u00e4ge Dritter sind als solche gekennzeichnet. Die Vervielf\u00e4ltigung, Bearbeitung, Verbreitung und jede Art der Verwertung au\u00dferhalb der Grenzen des Urheberrechtes bed\u00fcrfen der schriftlichen Zustimmung des jeweiligen Autors bzw. Erstellers. Downloads und Kopien dieser Seite sind nur f\u00fcr den privaten, nicht kommerziellen Gebrauch gestattet.<br>Datenschutz<br>Soweit auf unseren Seiten personenbezogene Daten (beispielsweise Name, Anschrift oder eMail-Adressen) erhoben werden, erfolgt dies soweit m\u00f6glich stets auf freiwilliger Basis. Die Nutzung der Angebote und Dienste ist, soweit m\u00f6glich, stets ohne Angabe personenbezogener Daten m\u00f6glich.<br>Der Nutzung von im Rahmen der Impressumspflicht ver\u00f6ffentlichten Kontaktdaten durch Dritte zur \u00dcbersendung von nicht ausdr\u00fccklich angeforderter Werbung und Informationsmaterialien wird hiermit ausdr\u00fccklich widersprochen. Die Betreiber der Seiten behalten sich ausdr\u00fccklich rechtliche Schritte im Falle der unverlangten Zusendung von Werbeinformationen, etwa durch Spam-Mails, vor.<br>Quelle: Disclaimer von e-recht24.de Rechtsanwalt S\u00f6ren Siebert<\/h2>\n\n\n\n<p><\/p>\n","protected":false},"excerpt":{"rendered":"<p>CEO Reisen ist ein Produkt vonCEO Classic Event Organisation Germany e.K. \u00aeWerner MerfelsStaffeler Weg 565582 DiezTelefon: 0 64 32-50 86 52e-mail: ceo (at) ceo-reisen.deUSt-Id-Nr: DE 201 35 99 11HRA 20 650Unser Firmenzeichen ist als Wort und Bildmarke gesch\u00fctzt!Die Kundengeldabsicherung gem. \u00a7 651 k BGB besteht \u00fcber KAERA Makler, Industriestra\u00dfe 4-6, 61440 Oberursel, Telefon: T: +49 [&hellip;]<\/p>\n","protected":false},"author":1,"featured_media":0,"parent":0,"menu_order":0,"comment_status":"closed","ping_status":"closed","template":"","meta":{"_kadence_starter_templates_imported_post":false,"_swpsp_post_exclude":false,"footnotes":""},"class_list":["post-186","page","type-page","status-publish","hentry"],"blocksy_meta":[],"_links":{"self":[{"href":"https:\/\/ceo-reisen.de\/index.php?rest_route=\/wp\/v2\/pages\/186","targetHints":{"allow":["GET"]}}],"collection":[{"href":"https:\/\/ceo-reisen.de\/index.php?rest_route=\/wp\/v2\/pages"}],"about":[{"href":"https:\/\/ceo-reisen.de\/index.php?rest_route=\/wp\/v2\/types\/page"}],"author":[{"embeddable":true,"href":"https:\/\/ceo-reisen.de\/index.php?rest_route=\/wp\/v2\/users\/1"}],"replies":[{"embeddable":true,"href":"https:\/\/ceo-reisen.de\/index.php?rest_route=%2Fwp%2Fv2%2Fcomments&post=186"}],"version-history":[{"count":1,"href":"https:\/\/ceo-reisen.de\/index.php?rest_route=\/wp\/v2\/pages\/186\/revisions"}],"predecessor-version":[{"id":187,"href":"https:\/\/ceo-reisen.de\/index.php?rest_route=\/wp\/v2\/pages\/186\/revisions\/187"}],"wp:attachment":[{"href":"https:\/\/ceo-reisen.de\/index.php?rest_route=%2Fwp%2Fv2%2Fmedia&parent=186"}],"curies":[{"name":"wp","href":"https:\/\/api.w.org\/{rel}","templated":true}]}}